{"id":3895,"date":"2023-10-25T15:02:44","date_gmt":"2023-10-25T13:02:44","guid":{"rendered":"https:\/\/www.bois-plus.net\/magasin\/?post_type=product&#038;p=3895"},"modified":"2023-10-25T15:03:40","modified_gmt":"2023-10-25T13:03:40","slug":"tablette-acacia-pre-huile-teck-18-x-500-x-2m00","status":"publish","type":"product","link":"https:\/\/www.bois-plus.net\/magasin\/nos-produits\/amenagement-interieur\/tablette\/tablette-acacia-pre-huile-teck-18-x-500-x-2m00","title":{"rendered":"Tablette Acacia  Pr\u00e9 Huil\u00e9 Teck 18 x 500 x 2M00"},"content":{"rendered":"","protected":false},"excerpt":{"rendered":"<p><strong><u>\u00c9paisseur\u00a0:<\/u><\/strong><strong> 18mm<\/strong><\/p>\n<p><strong><u>Dimension :<\/u><\/strong><strong> 50 cm x 2M00<\/strong><\/p>\n<p><strong><u>Autres dimensions disponibles selon arrivage :<\/u><\/strong><\/p>\n<ul>\n<li><strong>40 cm x 2M00<\/strong><\/li>\n<\/ul>\n","protected":false},"featured_media":0,"comment_status":"closed","ping_status":"closed","template":"","meta":[],"product_brand":[],"product_cat":[413],"product_tag":[563,474],"class_list":{"0":"post-3895","1":"product","2":"type-product","3":"status-publish","5":"product_cat-tablette","6":"product_tag-acacia-pre-huile-teck","7":"product_tag-tablette","9":"first","10":"instock","11":"taxable","12":"shipping-taxable","13":"product-type-simple"},"aioseo_notices":[],"_links":{"self":[{"href":"https:\/\/www.bois-plus.net\/magasin\/wp-json\/wp\/v2\/product\/3895","targetHints":{"allow":["GET"]}}],"collection":[{"href":"https:\/\/www.bois-plus.net\/magasin\/wp-json\/wp\/v2\/product"}],"about":[{"href":"https:\/\/www.bois-plus.net\/magasin\/wp-json\/wp\/v2\/types\/product"}],"replies":[{"embeddable":true,"href":"https:\/\/www.bois-plus.net\/magasin\/wp-json\/wp\/v2\/comments?post=3895"}],"wp:attachment":[{"href":"https:\/\/www.bois-plus.net\/magasin\/wp-json\/wp\/v2\/media?parent=3895"}],"wp:term":[{"taxonomy":"product_brand","embeddable":true,"href":"https:\/\/www.bois-plus.net\/magasin\/wp-json\/wp\/v2\/product_brand?post=3895"},{"taxonomy":"product_cat","embeddable":true,"href":"https:\/\/www.bois-plus.net\/magasin\/wp-json\/wp\/v2\/product_cat?post=3895"},{"taxonomy":"product_tag","embeddable":true,"href":"https:\/\/www.bois-plus.net\/magasin\/wp-json\/wp\/v2\/product_tag?post=3895"}],"curies":[{"name":"wp","href":"https:\/\/api.w.org\/{rel}","templated":true}]}}