{"id":3892,"date":"2023-10-25T14:54:19","date_gmt":"2023-10-25T12:54:19","guid":{"rendered":"https:\/\/www.bois-plus.net\/magasin\/?post_type=product&#038;p=3892"},"modified":"2023-10-25T16:03:42","modified_gmt":"2023-10-25T14:03:42","slug":"plan-de-travail-acacia-pre-huile-teck-epaisseur-26mm","status":"publish","type":"product","link":"https:\/\/www.bois-plus.net\/magasin\/nos-produits\/amenagement-interieur\/panneau-amenagement\/plan-de-travail-acacia-pre-huile-teck-epaisseur-26mm","title":{"rendered":"Plan de Travail Acacia Pr\u00e9 Huil\u00e9 Teck \u00c9paisseur : 26mm"},"content":{"rendered":"","protected":false},"excerpt":{"rendered":"<p><strong>Bord Droit<\/strong><\/p>\n<p><strong><u>Dimension\u00a0:<\/u><\/strong><strong> 65 cm x 2M50<\/strong><\/p>\n","protected":false},"featured_media":3896,"comment_status":"closed","ping_status":"closed","template":"","meta":[],"product_brand":[],"product_cat":[424],"product_tag":[563,233],"class_list":{"0":"post-3892","1":"product","2":"type-product","3":"status-publish","4":"has-post-thumbnail","6":"product_cat-panneau-amenagement","7":"product_tag-acacia-pre-huile-teck","8":"product_tag-panneau","10":"first","11":"instock","12":"taxable","13":"shipping-taxable","14":"product-type-simple"},"aioseo_notices":[],"_links":{"self":[{"href":"https:\/\/www.bois-plus.net\/magasin\/wp-json\/wp\/v2\/product\/3892","targetHints":{"allow":["GET"]}}],"collection":[{"href":"https:\/\/www.bois-plus.net\/magasin\/wp-json\/wp\/v2\/product"}],"about":[{"href":"https:\/\/www.bois-plus.net\/magasin\/wp-json\/wp\/v2\/types\/product"}],"replies":[{"embeddable":true,"href":"https:\/\/www.bois-plus.net\/magasin\/wp-json\/wp\/v2\/comments?post=3892"}],"wp:featuredmedia":[{"embeddable":true,"href":"https:\/\/www.bois-plus.net\/magasin\/wp-json\/wp\/v2\/media\/3896"}],"wp:attachment":[{"href":"https:\/\/www.bois-plus.net\/magasin\/wp-json\/wp\/v2\/media?parent=3892"}],"wp:term":[{"taxonomy":"product_brand","embeddable":true,"href":"https:\/\/www.bois-plus.net\/magasin\/wp-json\/wp\/v2\/product_brand?post=3892"},{"taxonomy":"product_cat","embeddable":true,"href":"https:\/\/www.bois-plus.net\/magasin\/wp-json\/wp\/v2\/product_cat?post=3892"},{"taxonomy":"product_tag","embeddable":true,"href":"https:\/\/www.bois-plus.net\/magasin\/wp-json\/wp\/v2\/product_tag?post=3892"}],"curies":[{"name":"wp","href":"https:\/\/api.w.org\/{rel}","templated":true}]}}