{"id":3785,"date":"2023-03-30T16:33:44","date_gmt":"2023-03-30T14:33:44","guid":{"rendered":"https:\/\/www.bois-plus.net\/magasin\/?post_type=product&#038;p=3785"},"modified":"2023-03-30T16:44:33","modified_gmt":"2023-03-30T14:44:33","slug":"pare-pluie-noir-uv3-1m50-x-50-ml","status":"publish","type":"product","link":"https:\/\/www.bois-plus.net\/magasin\/nos-produits\/quincaillerie\/bardage-quincaillerie\/pare-pluie-noir-uv3-1m50-x-50-ml","title":{"rendered":"PARE-PLUIE Noir UV3 1M50 x 50 ML"},"content":{"rendered":"","protected":false},"excerpt":{"rendered":"<p><strong>ONDUTISS UV3<\/strong><\/p>\n<p><strong>\u00a0<\/strong><\/p>\n<p><strong>Rouleau de 75 M\u00b2 (1M50 x 50 ML)<\/strong><\/p>\n<p>&nbsp;<\/p>\n<p><strong>Le pare-pluie est utilis\u00e9 pour la protection des b\u00e2timents contre la p\u00e9n\u00e9tration des eaux (neige, ect.) et du vent. <\/strong><\/p>\n<p><strong>En outre, il permet une am\u00e9lioration des performances thermiques et l\u2019optimisation de la ventilation de la toiture.<\/strong><\/p>\n<p>&nbsp;<\/p>\n<p><strong><u>Poids\u00a0:<\/u><\/strong><strong> 210 g \/ M\u00b2<\/strong><\/p>\n","protected":false},"featured_media":3787,"comment_status":"closed","ping_status":"closed","template":"","meta":[],"product_brand":[],"product_cat":[418],"product_tag":[499,59,503,502],"class_list":{"0":"post-3785","1":"product","2":"type-product","3":"status-publish","4":"has-post-thumbnail","6":"product_cat-bardage-quincaillerie","7":"product_tag-accessoire-bardage","8":"product_tag-bardage-2","9":"product_tag-ondutiss-air-hdv","10":"product_tag-pare-pluie","12":"first","13":"instock","14":"taxable","15":"shipping-taxable","16":"product-type-simple"},"aioseo_notices":[],"_links":{"self":[{"href":"https:\/\/www.bois-plus.net\/magasin\/wp-json\/wp\/v2\/product\/3785","targetHints":{"allow":["GET"]}}],"collection":[{"href":"https:\/\/www.bois-plus.net\/magasin\/wp-json\/wp\/v2\/product"}],"about":[{"href":"https:\/\/www.bois-plus.net\/magasin\/wp-json\/wp\/v2\/types\/product"}],"replies":[{"embeddable":true,"href":"https:\/\/www.bois-plus.net\/magasin\/wp-json\/wp\/v2\/comments?post=3785"}],"wp:featuredmedia":[{"embeddable":true,"href":"https:\/\/www.bois-plus.net\/magasin\/wp-json\/wp\/v2\/media\/3787"}],"wp:attachment":[{"href":"https:\/\/www.bois-plus.net\/magasin\/wp-json\/wp\/v2\/media?parent=3785"}],"wp:term":[{"taxonomy":"product_brand","embeddable":true,"href":"https:\/\/www.bois-plus.net\/magasin\/wp-json\/wp\/v2\/product_brand?post=3785"},{"taxonomy":"product_cat","embeddable":true,"href":"https:\/\/www.bois-plus.net\/magasin\/wp-json\/wp\/v2\/product_cat?post=3785"},{"taxonomy":"product_tag","embeddable":true,"href":"https:\/\/www.bois-plus.net\/magasin\/wp-json\/wp\/v2\/product_tag?post=3785"}],"curies":[{"name":"wp","href":"https:\/\/api.w.org\/{rel}","templated":true}]}}