{"id":3274,"date":"2021-04-13T10:40:03","date_gmt":"2021-04-13T08:40:03","guid":{"rendered":"https:\/\/www.bois-plus.net\/magasin\/?post_type=product&#038;p=3274"},"modified":"2021-04-27T16:38:13","modified_gmt":"2021-04-27T14:38:13","slug":"saturateur-terrasses-et-bardages-5l-2","status":"publish","type":"product","link":"https:\/\/www.bois-plus.net\/magasin\/nos-produits\/quincaillerie\/terrasse-quincaillerie\/saturateur-terrasses-et-bardages-5l-2","title":{"rendered":"Saturateur PROTEXT Terrasses et Bardages 5L"},"content":{"rendered":"","protected":false},"excerpt":{"rendered":"<p><strong>Existe aussi en 1L<\/strong><\/p>\n<ul>\n<li><strong>Ne s\u2019\u00e9caille pas, ne p\u00e8le pas\u00a0; Ne noircit pas aux UV.<\/strong><\/li>\n<li><strong>S\u00e9chage rapide. Aspect Mat.<\/strong><\/li>\n<li><strong>Conserve l\u2019aspect naturel du bois dans le temps.<\/strong><\/li>\n<\/ul>\n<p>&nbsp;<\/p>\n<p><strong><u>S\u2019applique sur\u00a0:<\/u><\/strong><\/p>\n<p><strong>Teck, Ip\u00e9, Bangkira<\/strong><strong>\u00ef, Acacia, Douglas, M\u00e9l\u00e8ze, \u00c9pic\u00e9a, Red Cedar, autoclave<\/strong><\/p>\n<p>&nbsp;<\/p>\n<p><strong><u>Teintes disponibles : <\/u><\/strong><\/p>\n<ul>\n<li><strong>Miel<\/strong><\/li>\n<li><strong>Teck<\/strong><\/li>\n<\/ul>\n","protected":false},"featured_media":3360,"comment_status":"closed","ping_status":"closed","template":"","meta":[],"product_brand":[],"product_cat":[341,416],"product_tag":[495,491],"class_list":{"0":"post-3274","1":"product","2":"type-product","3":"status-publish","4":"has-post-thumbnail","6":"product_cat-terrasse","7":"product_cat-terrasse-quincaillerie","8":"product_tag-protext","9":"product_tag-saturateur","11":"first","12":"instock","13":"taxable","14":"shipping-taxable","15":"product-type-simple"},"aioseo_notices":[],"_links":{"self":[{"href":"https:\/\/www.bois-plus.net\/magasin\/wp-json\/wp\/v2\/product\/3274","targetHints":{"allow":["GET"]}}],"collection":[{"href":"https:\/\/www.bois-plus.net\/magasin\/wp-json\/wp\/v2\/product"}],"about":[{"href":"https:\/\/www.bois-plus.net\/magasin\/wp-json\/wp\/v2\/types\/product"}],"replies":[{"embeddable":true,"href":"https:\/\/www.bois-plus.net\/magasin\/wp-json\/wp\/v2\/comments?post=3274"}],"wp:featuredmedia":[{"embeddable":true,"href":"https:\/\/www.bois-plus.net\/magasin\/wp-json\/wp\/v2\/media\/3360"}],"wp:attachment":[{"href":"https:\/\/www.bois-plus.net\/magasin\/wp-json\/wp\/v2\/media?parent=3274"}],"wp:term":[{"taxonomy":"product_brand","embeddable":true,"href":"https:\/\/www.bois-plus.net\/magasin\/wp-json\/wp\/v2\/product_brand?post=3274"},{"taxonomy":"product_cat","embeddable":true,"href":"https:\/\/www.bois-plus.net\/magasin\/wp-json\/wp\/v2\/product_cat?post=3274"},{"taxonomy":"product_tag","embeddable":true,"href":"https:\/\/www.bois-plus.net\/magasin\/wp-json\/wp\/v2\/product_tag?post=3274"}],"curies":[{"name":"wp","href":"https:\/\/api.w.org\/{rel}","templated":true}]}}