{"id":3273,"date":"2021-04-13T10:30:31","date_gmt":"2021-04-13T08:30:31","guid":{"rendered":"https:\/\/www.bois-plus.net\/magasin\/?post_type=product&#038;p=3273"},"modified":"2021-04-27T16:39:26","modified_gmt":"2021-04-27T14:39:26","slug":"saturateur-terrasses-et-bardages-5l","status":"publish","type":"product","link":"https:\/\/www.bois-plus.net\/magasin\/nos-produits\/quincaillerie\/terrasse-quincaillerie\/saturateur-terrasses-et-bardages-5l","title":{"rendered":"Saturateur TEXTROL PRO Terrasses et Bardages 5L"},"content":{"rendered":"","protected":false},"excerpt":{"rendered":"<p><strong>Existe aussi en 1L<\/strong><\/p>\n<ul>\n<li><strong>Ne s\u2019\u00e9caille pas, ne p\u00e8le pas. Ne noircit pas aux UV <\/strong><\/li>\n<li><strong>Conserve l\u2019aspect naturel du bois dans le temps. Incolore ou teint\u00e9.<\/strong><\/li>\n<li><strong>Protection non filmog\u00e8ne transparente \u00ab\u00a0aspect huil\u00e9\u00a0\u00bb pour bois r\u00e9sineux pr\u00e9par\u00e9s.<\/strong><\/li>\n<\/ul>\n<p>&nbsp;<\/p>\n<p><strong><u>S\u2019applique sur\u00a0:<\/u><\/strong><\/p>\n<p><strong>Red Cedar, Douglas, M\u00e9l\u00e8ze, autoclaves \u2026<\/strong><\/p>\n<p>&nbsp;<\/p>\n<p><strong><u>Teintes disponibles : <\/u><\/strong><\/p>\n<ul>\n<li><strong>Incolore<\/strong><\/li>\n<li><strong>Ch\u00eane Dor\u00e9<\/strong><\/li>\n<li><strong>Ch\u00eane Clair<\/strong><\/li>\n<li><strong>Ch\u00eane Moyen<\/strong><\/li>\n<li><strong>Ch\u00eane Rustique<\/strong><\/li>\n<\/ul>\n","protected":false},"featured_media":3359,"comment_status":"closed","ping_status":"closed","template":"","meta":[],"product_brand":[],"product_cat":[341,416],"product_tag":[491,120,492],"class_list":{"0":"post-3273","1":"product","2":"type-product","3":"status-publish","4":"has-post-thumbnail","6":"product_cat-terrasse","7":"product_cat-terrasse-quincaillerie","8":"product_tag-saturateur","9":"product_tag-terrasse-3","10":"product_tag-textrol-pro","12":"first","13":"instock","14":"taxable","15":"shipping-taxable","16":"product-type-simple"},"aioseo_notices":[],"_links":{"self":[{"href":"https:\/\/www.bois-plus.net\/magasin\/wp-json\/wp\/v2\/product\/3273","targetHints":{"allow":["GET"]}}],"collection":[{"href":"https:\/\/www.bois-plus.net\/magasin\/wp-json\/wp\/v2\/product"}],"about":[{"href":"https:\/\/www.bois-plus.net\/magasin\/wp-json\/wp\/v2\/types\/product"}],"replies":[{"embeddable":true,"href":"https:\/\/www.bois-plus.net\/magasin\/wp-json\/wp\/v2\/comments?post=3273"}],"wp:featuredmedia":[{"embeddable":true,"href":"https:\/\/www.bois-plus.net\/magasin\/wp-json\/wp\/v2\/media\/3359"}],"wp:attachment":[{"href":"https:\/\/www.bois-plus.net\/magasin\/wp-json\/wp\/v2\/media?parent=3273"}],"wp:term":[{"taxonomy":"product_brand","embeddable":true,"href":"https:\/\/www.bois-plus.net\/magasin\/wp-json\/wp\/v2\/product_brand?post=3273"},{"taxonomy":"product_cat","embeddable":true,"href":"https:\/\/www.bois-plus.net\/magasin\/wp-json\/wp\/v2\/product_cat?post=3273"},{"taxonomy":"product_tag","embeddable":true,"href":"https:\/\/www.bois-plus.net\/magasin\/wp-json\/wp\/v2\/product_tag?post=3273"}],"curies":[{"name":"wp","href":"https:\/\/api.w.org\/{rel}","templated":true}]}}