{"id":3271,"date":"2021-04-13T10:20:59","date_gmt":"2021-04-13T08:20:59","guid":{"rendered":"https:\/\/www.bois-plus.net\/magasin\/?post_type=product&#038;p=3271"},"modified":"2021-04-20T11:30:59","modified_gmt":"2021-04-20T09:30:59","slug":"deshuileur-decrassant-tous-bois-1l","status":"publish","type":"product","link":"https:\/\/www.bois-plus.net\/magasin\/nos-produits\/quincaillerie\/terrasse-quincaillerie\/deshuileur-decrassant-tous-bois-1l","title":{"rendered":"D\u00e9shuileur D\u00e9crassant NET TROL 400 Tous Bois** 1L"},"content":{"rendered":"","protected":false},"excerpt":{"rendered":"<p><strong>Existe aussi en 2.5L<\/strong><\/p>\n<p><strong>\u00a0<\/strong><\/p>\n<ul>\n<li><strong>\u00c9limine en profondeur toutes les huiles (de teck, de lin, de vidange) noircies, par simple rin\u00e7age \u00e0 l\u2019eau.<\/strong><\/li>\n<li><strong>Nettoie les taches de gras incrust\u00e9es.<\/strong><\/li>\n<\/ul>\n<p><strong>\u00a0<\/strong><\/p>\n<p><strong>**\u00a0: Sauf Ch\u00eane et Ch\u00e2taignier. Pr\u00e9caution sur Red Cedar<\/strong><\/p>\n","protected":false},"featured_media":3358,"comment_status":"closed","ping_status":"closed","template":"","meta":[],"product_brand":[],"product_cat":[341,416],"product_tag":[489,494],"class_list":{"0":"post-3271","1":"product","2":"type-product","3":"status-publish","4":"has-post-thumbnail","6":"product_cat-terrasse","7":"product_cat-terrasse-quincaillerie","8":"product_tag-deshuileur","9":"product_tag-net-trol-400","11":"first","12":"instock","13":"taxable","14":"shipping-taxable","15":"product-type-simple"},"aioseo_notices":[],"_links":{"self":[{"href":"https:\/\/www.bois-plus.net\/magasin\/wp-json\/wp\/v2\/product\/3271","targetHints":{"allow":["GET"]}}],"collection":[{"href":"https:\/\/www.bois-plus.net\/magasin\/wp-json\/wp\/v2\/product"}],"about":[{"href":"https:\/\/www.bois-plus.net\/magasin\/wp-json\/wp\/v2\/types\/product"}],"replies":[{"embeddable":true,"href":"https:\/\/www.bois-plus.net\/magasin\/wp-json\/wp\/v2\/comments?post=3271"}],"wp:featuredmedia":[{"embeddable":true,"href":"https:\/\/www.bois-plus.net\/magasin\/wp-json\/wp\/v2\/media\/3358"}],"wp:attachment":[{"href":"https:\/\/www.bois-plus.net\/magasin\/wp-json\/wp\/v2\/media?parent=3271"}],"wp:term":[{"taxonomy":"product_brand","embeddable":true,"href":"https:\/\/www.bois-plus.net\/magasin\/wp-json\/wp\/v2\/product_brand?post=3271"},{"taxonomy":"product_cat","embeddable":true,"href":"https:\/\/www.bois-plus.net\/magasin\/wp-json\/wp\/v2\/product_cat?post=3271"},{"taxonomy":"product_tag","embeddable":true,"href":"https:\/\/www.bois-plus.net\/magasin\/wp-json\/wp\/v2\/product_tag?post=3271"}],"curies":[{"name":"wp","href":"https:\/\/api.w.org\/{rel}","templated":true}]}}