{"id":3226,"date":"2021-03-30T16:34:19","date_gmt":"2021-03-30T14:34:19","guid":{"rendered":"https:\/\/www.bois-plus.net\/magasin\/?post_type=product&#038;p=3226"},"modified":"2021-03-30T16:34:33","modified_gmt":"2021-03-30T14:34:33","slug":"panneau-epicea-3-plis-epaisseur-27-mm","status":"publish","type":"product","link":"https:\/\/www.bois-plus.net\/magasin\/nos-produits\/amenagement-interieur\/panneau-amenagement\/panneau-epicea-3-plis-epaisseur-27-mm","title":{"rendered":"Panneau \u00c9pic\u00e9a 3 Plis \u00c9paisseur : 27 mm"},"content":{"rendered":"","protected":false},"excerpt":{"rendered":"<p><strong>Disponible \u00e0 la coupe sur commande <\/strong><\/p>\n<p><strong><u>Dimension\u00a0:<\/u><\/strong><strong> 1M25 x 5M00<\/strong><\/p>\n","protected":false},"featured_media":0,"comment_status":"closed","ping_status":"closed","template":"","meta":[],"product_brand":[],"product_cat":[424],"product_tag":[473,85,233],"class_list":{"0":"post-3226","1":"product","2":"type-product","3":"status-publish","5":"product_cat-panneau-amenagement","6":"product_tag-3-plis","7":"product_tag-epicea","8":"product_tag-panneau","10":"first","11":"instock","12":"taxable","13":"shipping-taxable","14":"product-type-simple"},"aioseo_notices":[],"_links":{"self":[{"href":"https:\/\/www.bois-plus.net\/magasin\/wp-json\/wp\/v2\/product\/3226","targetHints":{"allow":["GET"]}}],"collection":[{"href":"https:\/\/www.bois-plus.net\/magasin\/wp-json\/wp\/v2\/product"}],"about":[{"href":"https:\/\/www.bois-plus.net\/magasin\/wp-json\/wp\/v2\/types\/product"}],"replies":[{"embeddable":true,"href":"https:\/\/www.bois-plus.net\/magasin\/wp-json\/wp\/v2\/comments?post=3226"}],"wp:attachment":[{"href":"https:\/\/www.bois-plus.net\/magasin\/wp-json\/wp\/v2\/media?parent=3226"}],"wp:term":[{"taxonomy":"product_brand","embeddable":true,"href":"https:\/\/www.bois-plus.net\/magasin\/wp-json\/wp\/v2\/product_brand?post=3226"},{"taxonomy":"product_cat","embeddable":true,"href":"https:\/\/www.bois-plus.net\/magasin\/wp-json\/wp\/v2\/product_cat?post=3226"},{"taxonomy":"product_tag","embeddable":true,"href":"https:\/\/www.bois-plus.net\/magasin\/wp-json\/wp\/v2\/product_tag?post=3226"}],"curies":[{"name":"wp","href":"https:\/\/api.w.org\/{rel}","templated":true}]}}