{"id":3219,"date":"2021-03-30T16:27:28","date_gmt":"2021-03-30T14:27:28","guid":{"rendered":"https:\/\/www.bois-plus.net\/magasin\/?post_type=product&#038;p=3219"},"modified":"2023-03-22T15:30:47","modified_gmt":"2023-03-22T14:30:47","slug":"panneau-hevea-lamelle-colle-epaisseur-18-mm","status":"publish","type":"product","link":"https:\/\/www.bois-plus.net\/magasin\/nos-produits\/amenagement-interieur\/panneau-amenagement\/panneau-hevea-lamelle-colle-epaisseur-18-mm","title":{"rendered":"Panneau H\u00e9v\u00e9a Lamell\u00e9 coll\u00e9 \u00c9paisseur : 22 mm"},"content":{"rendered":"","protected":false},"excerpt":{"rendered":"<p><strong>Disponible \u00e0 la coupe sur commande <\/strong><\/p>\n<p><strong><u>Dimension\u00a0:<\/u><\/strong><strong> 1M10 x 4M50<\/strong><\/p>\n","protected":false},"featured_media":3220,"comment_status":"closed","ping_status":"closed","template":"","meta":[],"product_brand":[],"product_cat":[424],"product_tag":[366,357,233],"class_list":{"0":"post-3219","1":"product","2":"type-product","3":"status-publish","4":"has-post-thumbnail","6":"product_cat-panneau-amenagement","7":"product_tag-hevea","8":"product_tag-lamelle-colle","9":"product_tag-panneau","11":"first","12":"instock","13":"taxable","14":"shipping-taxable","15":"product-type-simple"},"aioseo_notices":[],"_links":{"self":[{"href":"https:\/\/www.bois-plus.net\/magasin\/wp-json\/wp\/v2\/product\/3219","targetHints":{"allow":["GET"]}}],"collection":[{"href":"https:\/\/www.bois-plus.net\/magasin\/wp-json\/wp\/v2\/product"}],"about":[{"href":"https:\/\/www.bois-plus.net\/magasin\/wp-json\/wp\/v2\/types\/product"}],"replies":[{"embeddable":true,"href":"https:\/\/www.bois-plus.net\/magasin\/wp-json\/wp\/v2\/comments?post=3219"}],"wp:featuredmedia":[{"embeddable":true,"href":"https:\/\/www.bois-plus.net\/magasin\/wp-json\/wp\/v2\/media\/3220"}],"wp:attachment":[{"href":"https:\/\/www.bois-plus.net\/magasin\/wp-json\/wp\/v2\/media?parent=3219"}],"wp:term":[{"taxonomy":"product_brand","embeddable":true,"href":"https:\/\/www.bois-plus.net\/magasin\/wp-json\/wp\/v2\/product_brand?post=3219"},{"taxonomy":"product_cat","embeddable":true,"href":"https:\/\/www.bois-plus.net\/magasin\/wp-json\/wp\/v2\/product_cat?post=3219"},{"taxonomy":"product_tag","embeddable":true,"href":"https:\/\/www.bois-plus.net\/magasin\/wp-json\/wp\/v2\/product_tag?post=3219"}],"curies":[{"name":"wp","href":"https:\/\/api.w.org\/{rel}","templated":true}]}}