{"id":3211,"date":"2021-03-30T16:13:50","date_gmt":"2021-03-30T14:13:50","guid":{"rendered":"https:\/\/www.bois-plus.net\/magasin\/?post_type=product&#038;p=3211"},"modified":"2021-04-27T16:12:16","modified_gmt":"2021-04-27T14:12:16","slug":"panneau-starplex-epaisseur-10-mm","status":"publish","type":"product","link":"https:\/\/www.bois-plus.net\/magasin\/nos-produits\/panneau-dalle\/panneau-starplex\/panneau-starplex-epaisseur-10-mm","title":{"rendered":"Panneau STARPLEX \u00c9paisseur : 10 mm"},"content":{"rendered":"","protected":false},"excerpt":{"rendered":"<p><strong>2 Faces Okoum\u00e9 collage ext\u00e9rieur<\/strong><\/p>\n<p><strong><u>Dimension\u00a0:<\/u><\/strong><strong> 1M22 x 2M50<\/strong><\/p>\n<p><strong><u>Autres \u00e9paisseurs disponibles selon arrivage :<\/u><\/strong><\/p>\n<ul>\n<li><strong>10 mm<\/strong><\/li>\n<li><strong>15 mm<\/strong><\/li>\n<li><strong>18 mm<\/strong><\/li>\n<li><strong>22 mm<\/strong><\/li>\n<\/ul>\n","protected":false},"featured_media":0,"comment_status":"closed","ping_status":"closed","template":"","meta":[],"product_brand":[],"product_cat":[411],"product_tag":[233,471],"class_list":{"0":"post-3211","1":"product","2":"type-product","3":"status-publish","5":"product_cat-panneau-starplex","6":"product_tag-panneau","7":"product_tag-starplex","9":"first","10":"instock","11":"taxable","12":"shipping-taxable","13":"product-type-simple"},"aioseo_notices":[],"_links":{"self":[{"href":"https:\/\/www.bois-plus.net\/magasin\/wp-json\/wp\/v2\/product\/3211","targetHints":{"allow":["GET"]}}],"collection":[{"href":"https:\/\/www.bois-plus.net\/magasin\/wp-json\/wp\/v2\/product"}],"about":[{"href":"https:\/\/www.bois-plus.net\/magasin\/wp-json\/wp\/v2\/types\/product"}],"replies":[{"embeddable":true,"href":"https:\/\/www.bois-plus.net\/magasin\/wp-json\/wp\/v2\/comments?post=3211"}],"wp:attachment":[{"href":"https:\/\/www.bois-plus.net\/magasin\/wp-json\/wp\/v2\/media?parent=3211"}],"wp:term":[{"taxonomy":"product_brand","embeddable":true,"href":"https:\/\/www.bois-plus.net\/magasin\/wp-json\/wp\/v2\/product_brand?post=3211"},{"taxonomy":"product_cat","embeddable":true,"href":"https:\/\/www.bois-plus.net\/magasin\/wp-json\/wp\/v2\/product_cat?post=3211"},{"taxonomy":"product_tag","embeddable":true,"href":"https:\/\/www.bois-plus.net\/magasin\/wp-json\/wp\/v2\/product_tag?post=3211"}],"curies":[{"name":"wp","href":"https:\/\/api.w.org\/{rel}","templated":true}]}}