{"id":3179,"date":"2021-03-30T14:34:04","date_gmt":"2021-03-30T12:34:04","guid":{"rendered":"https:\/\/www.bois-plus.net\/magasin\/?post_type=product&#038;p=3179"},"modified":"2023-03-21T16:20:42","modified_gmt":"2023-03-21T15:20:42","slug":"tole-ondulee-polycarbonate","status":"publish","type":"product","link":"https:\/\/www.bois-plus.net\/magasin\/nos-produits\/couverture\/tole-nervuree-polycarbonate\/tole-ondulee-polycarbonate","title":{"rendered":"T\u00f4le Ondul\u00e9e Polycarbonate"},"content":{"rendered":"","protected":false},"excerpt":{"rendered":"<p><strong><u>\u00c9paisseur\u00a0:<\/u><\/strong><strong> 08\/10<sup>\u00e8me<\/sup><\/strong><\/p>\n<p><strong><u>Couleur\u00a0:<\/u> Cristal (Transparent)<\/strong><\/p>\n<p><strong><u>Longueurs disponibles selon arrivage : <\/u><\/strong><\/p>\n<ul>\n<li><strong>2M00<\/strong><\/li>\n<li><strong>2M50<\/strong><\/li>\n<li><strong>3M00<\/strong><\/li>\n<\/ul>\n","protected":false},"featured_media":3180,"comment_status":"closed","ping_status":"closed","template":"","meta":[],"product_brand":[],"product_cat":[403],"product_tag":[221,461],"class_list":{"0":"post-3179","1":"product","2":"type-product","3":"status-publish","4":"has-post-thumbnail","6":"product_cat-tole-nervuree-polycarbonate","7":"product_tag-ondulee","8":"product_tag-tole-polycarbonate","10":"first","11":"instock","12":"taxable","13":"shipping-taxable","14":"product-type-simple"},"aioseo_notices":[],"_links":{"self":[{"href":"https:\/\/www.bois-plus.net\/magasin\/wp-json\/wp\/v2\/product\/3179","targetHints":{"allow":["GET"]}}],"collection":[{"href":"https:\/\/www.bois-plus.net\/magasin\/wp-json\/wp\/v2\/product"}],"about":[{"href":"https:\/\/www.bois-plus.net\/magasin\/wp-json\/wp\/v2\/types\/product"}],"replies":[{"embeddable":true,"href":"https:\/\/www.bois-plus.net\/magasin\/wp-json\/wp\/v2\/comments?post=3179"}],"wp:featuredmedia":[{"embeddable":true,"href":"https:\/\/www.bois-plus.net\/magasin\/wp-json\/wp\/v2\/media\/3180"}],"wp:attachment":[{"href":"https:\/\/www.bois-plus.net\/magasin\/wp-json\/wp\/v2\/media?parent=3179"}],"wp:term":[{"taxonomy":"product_brand","embeddable":true,"href":"https:\/\/www.bois-plus.net\/magasin\/wp-json\/wp\/v2\/product_brand?post=3179"},{"taxonomy":"product_cat","embeddable":true,"href":"https:\/\/www.bois-plus.net\/magasin\/wp-json\/wp\/v2\/product_cat?post=3179"},{"taxonomy":"product_tag","embeddable":true,"href":"https:\/\/www.bois-plus.net\/magasin\/wp-json\/wp\/v2\/product_tag?post=3179"}],"curies":[{"name":"wp","href":"https:\/\/api.w.org\/{rel}","templated":true}]}}