{"id":3137,"date":"2021-03-30T11:05:45","date_gmt":"2021-03-30T09:05:45","guid":{"rendered":"https:\/\/www.bois-plus.net\/magasin\/?post_type=product&#038;p=3137"},"modified":"2021-04-27T16:22:02","modified_gmt":"2021-04-27T14:22:02","slug":"poteau-rainure-epaisseur-34mm-traite-classe-4","status":"publish","type":"product","link":"https:\/\/www.bois-plus.net\/magasin\/nos-produits\/cloture\/clin-de-cloture-pin-traite-classe4\/poteau-rainure-epaisseur-34mm-traite-classe-4","title":{"rendered":"Poteau Rainur\u00e9 \u00c9paisseur : 34 mm Trait\u00e9 Classe 4"},"content":{"rendered":"","protected":false},"excerpt":{"rendered":"<p><strong><u>Poteau\u00a0:<\/u><\/strong><\/p>\n<ul>\n<li><strong>Angle<\/strong><\/li>\n<li><strong>D\u00e9part<\/strong><\/li>\n<li><strong>Interm\u00e9diaire<\/strong><\/li>\n<\/ul>\n<p><strong><u>Longueur\u00a0:<\/u><\/strong><strong> 2M40<\/strong><\/p>\n<p>&nbsp;<\/p>\n<p><strong><u>Classe 4\u00a0: <\/u><\/strong><\/p>\n<p>Bois en contact avec le sol et qui peuvent \u00eatre soumis \u00e0 une humidit\u00e9 permanente <em>(mobilier ext\u00e9rieur, terrasse, piquet).<\/em><\/p>\n","protected":false},"featured_media":3134,"comment_status":"closed","ping_status":"closed","template":"","meta":[],"product_brand":[],"product_cat":[393],"product_tag":[69,103,445,78],"class_list":{"0":"post-3137","1":"product","2":"type-product","3":"status-publish","4":"has-post-thumbnail","6":"product_cat-clin-de-cloture-pin-traite-classe4","7":"product_tag-classe-4","8":"product_tag-pin","9":"product_tag-poteau-rainure","10":"product_tag-traite","12":"first","13":"instock","14":"taxable","15":"shipping-taxable","16":"product-type-simple"},"aioseo_notices":[],"_links":{"self":[{"href":"https:\/\/www.bois-plus.net\/magasin\/wp-json\/wp\/v2\/product\/3137","targetHints":{"allow":["GET"]}}],"collection":[{"href":"https:\/\/www.bois-plus.net\/magasin\/wp-json\/wp\/v2\/product"}],"about":[{"href":"https:\/\/www.bois-plus.net\/magasin\/wp-json\/wp\/v2\/types\/product"}],"replies":[{"embeddable":true,"href":"https:\/\/www.bois-plus.net\/magasin\/wp-json\/wp\/v2\/comments?post=3137"}],"wp:featuredmedia":[{"embeddable":true,"href":"https:\/\/www.bois-plus.net\/magasin\/wp-json\/wp\/v2\/media\/3134"}],"wp:attachment":[{"href":"https:\/\/www.bois-plus.net\/magasin\/wp-json\/wp\/v2\/media?parent=3137"}],"wp:term":[{"taxonomy":"product_brand","embeddable":true,"href":"https:\/\/www.bois-plus.net\/magasin\/wp-json\/wp\/v2\/product_brand?post=3137"},{"taxonomy":"product_cat","embeddable":true,"href":"https:\/\/www.bois-plus.net\/magasin\/wp-json\/wp\/v2\/product_cat?post=3137"},{"taxonomy":"product_tag","embeddable":true,"href":"https:\/\/www.bois-plus.net\/magasin\/wp-json\/wp\/v2\/product_tag?post=3137"}],"curies":[{"name":"wp","href":"https:\/\/api.w.org\/{rel}","templated":true}]}}