{"id":3131,"date":"2021-03-30T10:57:42","date_gmt":"2021-03-30T08:57:42","guid":{"rendered":"https:\/\/www.bois-plus.net\/magasin\/?post_type=product&#038;p=3131"},"modified":"2023-03-22T11:06:32","modified_gmt":"2023-03-22T10:06:32","slug":"clin-de-cloture-27-x-135-mm-traite-classe-4","status":"publish","type":"product","link":"https:\/\/www.bois-plus.net\/magasin\/nos-produits\/cloture\/clin-de-cloture-pin-traite-classe4\/clin-de-cloture-27-x-135-mm-traite-classe-4","title":{"rendered":"Clin de Cl\u00f4ture 27 x 135 mm Trait\u00e9 Classe 4"},"content":{"rendered":"","protected":false},"excerpt":{"rendered":"<p><strong><u>Longueur disponible\u00a0selon arrivage : <\/u><\/strong><\/p>\n<p><strong>2M00<\/strong><\/p>\n<p>&nbsp;<\/p>\n<p><strong><u>Classe 4\u00a0: <\/u><\/strong><\/p>\n<p>Bois en contact avec le sol et qui peuvent \u00eatre soumis \u00e0 une humidit\u00e9 permanente <em>(mobilier ext\u00e9rieur, terrasse, piquet).<\/em><\/p>\n","protected":false},"featured_media":3129,"comment_status":"closed","ping_status":"closed","template":"","meta":[],"product_brand":[],"product_cat":[393],"product_tag":[69,444,103],"class_list":{"0":"post-3131","1":"product","2":"type-product","3":"status-publish","4":"has-post-thumbnail","6":"product_cat-clin-de-cloture-pin-traite-classe4","7":"product_tag-classe-4","8":"product_tag-clin-de-cloture","9":"product_tag-pin","11":"first","12":"instock","13":"taxable","14":"shipping-taxable","15":"product-type-simple"},"aioseo_notices":[],"_links":{"self":[{"href":"https:\/\/www.bois-plus.net\/magasin\/wp-json\/wp\/v2\/product\/3131","targetHints":{"allow":["GET"]}}],"collection":[{"href":"https:\/\/www.bois-plus.net\/magasin\/wp-json\/wp\/v2\/product"}],"about":[{"href":"https:\/\/www.bois-plus.net\/magasin\/wp-json\/wp\/v2\/types\/product"}],"replies":[{"embeddable":true,"href":"https:\/\/www.bois-plus.net\/magasin\/wp-json\/wp\/v2\/comments?post=3131"}],"wp:featuredmedia":[{"embeddable":true,"href":"https:\/\/www.bois-plus.net\/magasin\/wp-json\/wp\/v2\/media\/3129"}],"wp:attachment":[{"href":"https:\/\/www.bois-plus.net\/magasin\/wp-json\/wp\/v2\/media?parent=3131"}],"wp:term":[{"taxonomy":"product_brand","embeddable":true,"href":"https:\/\/www.bois-plus.net\/magasin\/wp-json\/wp\/v2\/product_brand?post=3131"},{"taxonomy":"product_cat","embeddable":true,"href":"https:\/\/www.bois-plus.net\/magasin\/wp-json\/wp\/v2\/product_cat?post=3131"},{"taxonomy":"product_tag","embeddable":true,"href":"https:\/\/www.bois-plus.net\/magasin\/wp-json\/wp\/v2\/product_tag?post=3131"}],"curies":[{"name":"wp","href":"https:\/\/api.w.org\/{rel}","templated":true}]}}