{"id":3088,"date":"2021-03-30T09:45:54","date_gmt":"2021-03-30T07:45:54","guid":{"rendered":"https:\/\/www.bois-plus.net\/magasin\/?post_type=product&#038;p=3088"},"modified":"2021-04-27T14:35:05","modified_gmt":"2021-04-27T12:35:05","slug":"terrasse-22-x-95-traite-classe-4","status":"publish","type":"product","link":"https:\/\/www.bois-plus.net\/magasin\/nos-produits\/cloture\/cloture-pin-du-nord-traite-classe4\/terrasse-22-x-95-traite-classe-4","title":{"rendered":"Terrasse  22 x 95 mm Trait\u00e9e Classe 4"},"content":{"rendered":"","protected":false},"excerpt":{"rendered":"<p><strong>2 Faces Lisses <\/strong><\/p>\n<p><strong>Longueur selon arrivage<\/strong><\/p>\n<p>&nbsp;<\/p>\n<p><strong><u>Classe 4\u00a0: <\/u><\/strong><\/p>\n<p>Bois en contact avec le sol et qui peuvent \u00eatre soumis \u00e0 une humidit\u00e9 permanente <em>(mobilier ext\u00e9rieur, terrasse, piquet).<\/em><\/p>\n","protected":false},"featured_media":3089,"comment_status":"closed","ping_status":"closed","template":"","meta":[],"product_brand":[],"product_cat":[343,395,341,388],"product_tag":[432,69,103,120],"class_list":{"0":"post-3088","1":"product","2":"type-product","3":"status-publish","4":"has-post-thumbnail","6":"product_cat-cloture","7":"product_cat-cloture-pin-du-nord-traite-classe4","8":"product_cat-terrasse","9":"product_cat-terrasse-pin-du-nord-traite-classe4","10":"product_tag-2-faces-lisses","11":"product_tag-classe-4","12":"product_tag-pin","13":"product_tag-terrasse-3","15":"first","16":"instock","17":"taxable","18":"shipping-taxable","19":"product-type-simple"},"aioseo_notices":[],"_links":{"self":[{"href":"https:\/\/www.bois-plus.net\/magasin\/wp-json\/wp\/v2\/product\/3088","targetHints":{"allow":["GET"]}}],"collection":[{"href":"https:\/\/www.bois-plus.net\/magasin\/wp-json\/wp\/v2\/product"}],"about":[{"href":"https:\/\/www.bois-plus.net\/magasin\/wp-json\/wp\/v2\/types\/product"}],"replies":[{"embeddable":true,"href":"https:\/\/www.bois-plus.net\/magasin\/wp-json\/wp\/v2\/comments?post=3088"}],"wp:featuredmedia":[{"embeddable":true,"href":"https:\/\/www.bois-plus.net\/magasin\/wp-json\/wp\/v2\/media\/3089"}],"wp:attachment":[{"href":"https:\/\/www.bois-plus.net\/magasin\/wp-json\/wp\/v2\/media?parent=3088"}],"wp:term":[{"taxonomy":"product_brand","embeddable":true,"href":"https:\/\/www.bois-plus.net\/magasin\/wp-json\/wp\/v2\/product_brand?post=3088"},{"taxonomy":"product_cat","embeddable":true,"href":"https:\/\/www.bois-plus.net\/magasin\/wp-json\/wp\/v2\/product_cat?post=3088"},{"taxonomy":"product_tag","embeddable":true,"href":"https:\/\/www.bois-plus.net\/magasin\/wp-json\/wp\/v2\/product_tag?post=3088"}],"curies":[{"name":"wp","href":"https:\/\/api.w.org\/{rel}","templated":true}]}}