{"id":2994,"date":"2021-03-23T16:25:15","date_gmt":"2021-03-23T15:25:15","guid":{"rendered":"https:\/\/www.bois-plus.net\/magasin\/?post_type=product&#038;p=2994"},"modified":"2021-04-27T14:52:02","modified_gmt":"2021-04-27T12:52:02","slug":"chevron-rabote-45-x-70-mm-traite-classe-4","status":"publish","type":"product","link":"https:\/\/www.bois-plus.net\/magasin\/nos-produits\/bois-dexterieur\/liteau-chevron-rabote-pin-traite-classe-4\/chevron-rabote-45-x-70-mm-traite-classe-4","title":{"rendered":"Chevron Rabot\u00e9 45 x 70 mm Trait\u00e9 Classe 4"},"content":{"rendered":"","protected":false},"excerpt":{"rendered":"<p><strong><u>Longueurs disponibles selon arrivage :<\/u><\/strong><\/p>\n<p><strong>3M00<\/strong><\/p>\n<p><strong>4M20<\/strong><\/p>\n<p>&nbsp;<\/p>\n<p><strong><u>Classe 4\u00a0: <\/u><\/strong><\/p>\n<p>Bois en contact avec le sol et qui peuvent \u00eatre soumis \u00e0 une humidit\u00e9 permanente <em>(mobilier ext\u00e9rieur, terrasse, piquet).<\/em><\/p>\n<p>&nbsp;<\/p>\n","protected":false},"featured_media":2995,"comment_status":"closed","ping_status":"closed","template":"","meta":[],"product_brand":[],"product_cat":[384],"product_tag":[76,69,77,78],"class_list":{"0":"post-2994","1":"product","2":"type-product","3":"status-publish","4":"has-post-thumbnail","6":"product_cat-liteau-chevron-rabote-pin-traite-classe-4","7":"product_tag-chevron","8":"product_tag-classe-4","9":"product_tag-rabote","10":"product_tag-traite","12":"first","13":"instock","14":"taxable","15":"shipping-taxable","16":"product-type-simple"},"aioseo_notices":[],"_links":{"self":[{"href":"https:\/\/www.bois-plus.net\/magasin\/wp-json\/wp\/v2\/product\/2994","targetHints":{"allow":["GET"]}}],"collection":[{"href":"https:\/\/www.bois-plus.net\/magasin\/wp-json\/wp\/v2\/product"}],"about":[{"href":"https:\/\/www.bois-plus.net\/magasin\/wp-json\/wp\/v2\/types\/product"}],"replies":[{"embeddable":true,"href":"https:\/\/www.bois-plus.net\/magasin\/wp-json\/wp\/v2\/comments?post=2994"}],"wp:featuredmedia":[{"embeddable":true,"href":"https:\/\/www.bois-plus.net\/magasin\/wp-json\/wp\/v2\/media\/2995"}],"wp:attachment":[{"href":"https:\/\/www.bois-plus.net\/magasin\/wp-json\/wp\/v2\/media?parent=2994"}],"wp:term":[{"taxonomy":"product_brand","embeddable":true,"href":"https:\/\/www.bois-plus.net\/magasin\/wp-json\/wp\/v2\/product_brand?post=2994"},{"taxonomy":"product_cat","embeddable":true,"href":"https:\/\/www.bois-plus.net\/magasin\/wp-json\/wp\/v2\/product_cat?post=2994"},{"taxonomy":"product_tag","embeddable":true,"href":"https:\/\/www.bois-plus.net\/magasin\/wp-json\/wp\/v2\/product_tag?post=2994"}],"curies":[{"name":"wp","href":"https:\/\/api.w.org\/{rel}","templated":true}]}}