{"id":2971,"date":"2021-03-23T15:26:13","date_gmt":"2021-03-23T14:26:13","guid":{"rendered":"https:\/\/www.bois-plus.net\/magasin\/?post_type=product&#038;p=2971"},"modified":"2021-04-27T14:48:51","modified_gmt":"2021-04-27T12:48:51","slug":"demi-rond-o-80mm-traite-classe-4","status":"publish","type":"product","link":"https:\/\/www.bois-plus.net\/magasin\/nos-produits\/bois-dexterieur\/demi-rondins-double-chanfreins-pin-traite-classe-4\/demi-rond-o-80mm-traite-classe-4","title":{"rendered":"Demi-Rond \u00d8  80 mm Trait\u00e9 Classe 4"},"content":{"rendered":"","protected":false},"excerpt":{"rendered":"<p><strong><u>Longueurs disponibles selon arrivage :<\/u><\/strong><\/p>\n<p><strong>2M00 <\/strong><\/p>\n<p><strong>2M50<\/strong><\/p>\n<p>&nbsp;<\/p>\n<p><strong><u>Classe 4\u00a0: <\/u><\/strong><\/p>\n<p>Bois en contact avec le sol et qui peuvent \u00eatre soumis \u00e0 une humidit\u00e9 permanente <em>(mobilier ext\u00e9rieur, terrasse, piquet).<\/em><\/p>\n<p>&nbsp;<\/p>\n","protected":false},"featured_media":2972,"comment_status":"closed","ping_status":"closed","template":"","meta":[],"product_brand":[],"product_cat":[382],"product_tag":[69,118,78],"class_list":{"0":"post-2971","1":"product","2":"type-product","3":"status-publish","4":"has-post-thumbnail","6":"product_cat-demi-rondins-double-chanfreins-pin-traite-classe-4","7":"product_tag-classe-4","8":"product_tag-demi-rond","9":"product_tag-traite","11":"first","12":"instock","13":"taxable","14":"shipping-taxable","15":"product-type-simple"},"aioseo_notices":[],"_links":{"self":[{"href":"https:\/\/www.bois-plus.net\/magasin\/wp-json\/wp\/v2\/product\/2971","targetHints":{"allow":["GET"]}}],"collection":[{"href":"https:\/\/www.bois-plus.net\/magasin\/wp-json\/wp\/v2\/product"}],"about":[{"href":"https:\/\/www.bois-plus.net\/magasin\/wp-json\/wp\/v2\/types\/product"}],"replies":[{"embeddable":true,"href":"https:\/\/www.bois-plus.net\/magasin\/wp-json\/wp\/v2\/comments?post=2971"}],"wp:featuredmedia":[{"embeddable":true,"href":"https:\/\/www.bois-plus.net\/magasin\/wp-json\/wp\/v2\/media\/2972"}],"wp:attachment":[{"href":"https:\/\/www.bois-plus.net\/magasin\/wp-json\/wp\/v2\/media?parent=2971"}],"wp:term":[{"taxonomy":"product_brand","embeddable":true,"href":"https:\/\/www.bois-plus.net\/magasin\/wp-json\/wp\/v2\/product_brand?post=2971"},{"taxonomy":"product_cat","embeddable":true,"href":"https:\/\/www.bois-plus.net\/magasin\/wp-json\/wp\/v2\/product_cat?post=2971"},{"taxonomy":"product_tag","embeddable":true,"href":"https:\/\/www.bois-plus.net\/magasin\/wp-json\/wp\/v2\/product_tag?post=2971"}],"curies":[{"name":"wp","href":"https:\/\/api.w.org\/{rel}","templated":true}]}}