{"id":73,"date":"2016-06-14T06:15:58","date_gmt":"2016-06-14T06:15:58","guid":{"rendered":"http:\/\/sw-themes.com\/porto_dummy\/?page_id=73"},"modified":"2024-01-04T15:46:33","modified_gmt":"2024-01-04T14:46:33","slug":"contact","status":"publish","type":"page","link":"https:\/\/www.bois-plus.net\/magasin\/contact","title":{"rendered":"Contact"},"content":{"rendered":"<div class=\"wpb-content-wrapper\"><p>[vc_row wrap_container=\u00a0\u00bbyes\u00a0\u00bb equal_height=\u00a0\u00bbyes\u00a0\u00bb content_placement=\u00a0\u00bbtop\u00a0\u00bb el_class=\u00a0\u00bbm-b-xxl p-b-sm\u00a0\u00bb css=\u00a0\u00bb.vc_custom_1696518948939{border-radius: 2px !important;}\u00a0\u00bb conditional_render=\u00a0\u00bb%5B%7B%22value_role%22%3A%22administrator%22%7D%5D\u00a0\u00bb][vc_column][vc_empty_space][\/vc_column][vc_column width=\u00a0\u00bb1\/2&Prime; offset=\u00a0\u00bbvc_col-lg-3 vc_col-md-3 vc_col-xs-12&Prime;]<a aria-label=\"T\u00e9l\u00e9phone\" class=\"porto-sicon-box-link\" href=\"tel:0240568989\"><div class=\"porto-sicon-box text-color-body custom-info-1  wpb_custom_6bd3ea43243bb56571d580d187f8d1d7 style_1 top-icon\"><div class=\"porto-sicon-top\"><div class=\"porto-just-icon-wrapper porto-icon none\" style=\"color:#b58100;font-size:45px;\"><i class=\"fas fa-mobile-alt\"><\/i><\/div><\/div><div class=\"porto-sicon-header\" style=\"margin-bottom:40px;\"><h3 class=\"porto-sicon-title\" style=\"font-weight:700;font-size:20px;line-height:22px;letter-spacing:-0.025em;\">T\u00e9l\u00e9phone<\/h3><\/div> <!-- header --><div class=\"porto-sicon-description\" style=\"\">\n<h4><\/h4>\n<h2>02 40 56 89 89<\/h2>\n<p><\/div> <!-- description --><\/div><!-- porto-sicon-box --><\/a>[\/vc_column][vc_column width=\u00a0\u00bb1\/2&Prime; offset=\u00a0\u00bbvc_col-lg-3 vc_col-md-3 vc_col-xs-12&Prime;]<div class=\"porto-sicon-box custom-info-1  wpb_custom_6bd3ea43243bb56571d580d187f8d1d7 style_1 top-icon\"><div class=\"porto-sicon-top\"><div class=\"porto-just-icon-wrapper porto-icon none\" style=\"color:#b58100;font-size:45px;\"><i class=\"far fa-calendar-alt\"><\/i><\/div><\/div><div class=\"porto-sicon-header\" style=\"margin-bottom:40px;\"><h3 class=\"porto-sicon-title\" style=\"font-weight:700;font-size:20px;line-height:22px;letter-spacing:-0.025em;\">Horaires d'ouverture habituels<\/h3><\/div> <!-- header --><div class=\"porto-sicon-description\" style=\"\">\n<h4>Du lundi au vendredi<\/h4>\n<h4>de 8h \u00e0 12h et de 13h30 \u00e0 18h30.<\/h4>\n<h4><strong>Le samedi\u00a0<\/strong><\/h4>\n<h4><strong>de 8h \u00e0 12h et de 13h30 \u00e0 18h00<\/strong><\/h4>\n<h4>Ferm\u00e9 le dimanche.<\/h4>\n<p><\/div> <!-- description --><\/div><!-- porto-sicon-box -->[\/vc_column][vc_column width=\u00a0\u00bb1\/2&Prime; offset=\u00a0\u00bbvc_col-lg-3 vc_col-md-3 vc_col-xs-12&Prime;]<div class=\"porto-sicon-box custom-info-1  wpb_custom_6bd3ea43243bb56571d580d187f8d1d7 style_1 top-icon\"><div class=\"porto-sicon-top\"><div class=\"porto-just-icon-wrapper porto-icon none\" style=\"color:#b58100;font-size:45px;\"><i class=\"Simple-Line-Icons-pointer\"><\/i><\/div><\/div><div class=\"porto-sicon-header\" style=\"margin-bottom:40px;\"><h3 class=\"porto-sicon-title\" style=\"font-weight:700;font-size:20px;line-height:22px;letter-spacing:-0.025em;\">Adresse<\/h3><\/div> <!-- header --><div class=\"porto-sicon-description\" style=\"\">\n<h4><\/h4>\n<h4>LE POINT DU JOUR<\/h4>\n<h4>44260 SAVENAY<\/h4>\n<p><\/div> <!-- description --><\/div><!-- porto-sicon-box --><a aria-label=\"Aller au Magasin\" class=\"porto-sicon-box-link\" href=\"https:\/\/ul.waze.com\/ul?place=ChIJOf7_Gh6EBUgRn4B4Bh3bEMo&#038;ll=47.35334020%2C-1.88838050&#038;navigate=yes&#038;utm_campaign=waze_website&#038;utm_source=waze_website&#038;utm_medium=lm_share_location\" title='Waze Bois Plus'><div class=\"porto-sicon-box  vc_custom_1619513148811  wpb_custom_1efe903570d178ff0a9b7bfa5febd3a4 style_2 top-icon\"><div class=\"porto-sicon-top\"><div class=\"porto-just-icon-wrapper porto-sicon-img  porto-icon-9f5d1cfb45d27d96b50bf473aebba227\" style=\"font-size: 50px;\"><img decoding=\"async\" class=\"img-icon\" alt=\"waze bois plus\" src=\"https:\/\/www.bois-plus.net\/magasin\/wp-content\/uploads\/2021\/03\/icone_waze.png\" width=\"204\" height=\"183\" \/><\/div><\/div><div class=\"porto-sicon-header\"><h4 class=\"porto-sicon-title\" style=\"\">Aller au Magasin<\/h4><p>avec Waze<\/p><\/div> <!-- header --><\/div><!-- porto-sicon-box --><\/a>[\/vc_column][vc_column width=\u00a0\u00bb1\/2&Prime; offset=\u00a0\u00bbvc_col-lg-3 vc_col-md-3 vc_col-xs-12&Prime;]<a aria-label=\"Adresse E-mail\" class=\"porto-sicon-box-link\" href=\"mailto:porto@portotheme.com\"><div class=\"porto-sicon-box text-color-body custom-info-1  wpb_custom_6bd3ea43243bb56571d580d187f8d1d7 style_1 top-icon\"><div class=\"porto-sicon-top\"><div class=\"porto-just-icon-wrapper porto-icon none\" style=\"color:#b58100;font-size:45px;\"><i class=\"far fa-envelope\"><\/i><\/div><\/div><div class=\"porto-sicon-header\" style=\"margin-bottom:40px;\"><h3 class=\"porto-sicon-title\" style=\"font-weight:700;font-size:20px;line-height:22px;letter-spacing:-0.025em;\">Adresse E-mail<\/h3><\/div> <!-- header --><\/div><!-- porto-sicon-box --><\/a>[vc_raw_html]JTNDY2VudGVyJTNFJTNDYiUzRSUzQ2ElMjBocmVmJTNEJTIyamF2YXNjcmlwdCUzQWxpbmtUb19VbkNyeXB0TWFpbHRvJTI4JTI3bmJqbXVwJTNCdGJzbWNwanRxbXZ0QXBzYm9oZiUyRmdzJTI3JTI5JTNCJTIyJTNFc2FybGJvaXNwbHVzJTQwb3JhbmdlLmZyJTNDJTJGYSUzRSUzQyUyRmIlM0UlM0MlMkZjZW50ZXIlM0U=[\/vc_raw_html][\/vc_column][\/vc_row][vc_row wrap_container=\u00a0\u00bbyes\u00a0\u00bb parallax=\u00a0\u00bbcontent-moving\u00a0\u00bb el_class=\u00a0\u00bbm-b-xxl p-b-sm\u00a0\u00bb][vc_column offset=\u00a0\u00bbvc_col-lg-6 vc_col-md-6&Prime; el_id=\u00a0\u00bbformulaire-contact\u00a0\u00bb]<div class=\"porto-sicon-box text-color-body custom-info-1  wpb_custom_6bd3ea43243bb56571d580d187f8d1d7 style_1 top-icon\"><div class=\"porto-sicon-top\"><div class=\"porto-just-icon-wrapper porto-icon advanced\" style=\"color:#b58100;width:70px;height:70px;line-height:70px;border-radius:50px;font-size:45px;\"><i class=\"far fa-envelope\"><\/i><\/div><\/div><\/div><!-- porto-sicon-box -->[vc_custom_heading text=\u00a0\u00bbEnvoyez-nous un message, vos questions, une demande de devis\u00a0\u00bb font_container=\u00a0\u00bbtag:h2|font_size:24px|text_align:left\u00a0\u00bb use_theme_fonts=\u00a0\u00bbyes\u00a0\u00bb el_class=\u00a0\u00bbls-negative-1 mb-3&Prime;]\n<div class=\"wpcf7 no-js\" id=\"wpcf7-f2422-o1\" lang=\"fr-FR\" dir=\"ltr\" data-wpcf7-id=\"2422\">\n<div class=\"screen-reader-response\"><p role=\"status\" aria-live=\"polite\" aria-atomic=\"true\"><\/p> <ul><\/ul><\/div>\n<form action=\"\/magasin\/wp-json\/wp\/v2\/pages\/73#wpcf7-f2422-o1\" method=\"post\" class=\"wpcf7-form init\" aria-label=\"Formulaire de contact\" novalidate=\"novalidate\" data-status=\"init\">\n<fieldset class=\"hidden-fields-container\"><input type=\"hidden\" name=\"_wpcf7\" value=\"2422\" \/><input type=\"hidden\" name=\"_wpcf7_version\" value=\"6.1.5\" \/><input type=\"hidden\" name=\"_wpcf7_locale\" value=\"fr_FR\" \/><input type=\"hidden\" name=\"_wpcf7_unit_tag\" value=\"wpcf7-f2422-o1\" \/><input type=\"hidden\" name=\"_wpcf7_container_post\" value=\"0\" \/><input type=\"hidden\" name=\"_wpcf7_posted_data_hash\" value=\"\" \/><input type=\"hidden\" name=\"_wpcf7_recaptcha_response\" value=\"\" \/>\n<\/fieldset>\n<div class=\"container\">\n\t<div class=\"row\">\n\t\t<div class=\"col-6\">\n\t\t\t<label>Vous \u00eates*\n\t\t\t\t<span class=\"wpcf7-form-control-wrap\" data-name=\"activite\"><select class=\"wpcf7-form-control wpcf7-select wpcf7-validates-as-required\" aria-required=\"true\" aria-invalid=\"false\" name=\"activite\"><option value=\"Agenceur\">Agenceur<\/option><option value=\"Architecte\">Architecte<\/option><option value=\"Agriculteur\">Agriculteur<\/option><option value=\"Artisan\">Artisan<\/option><option value=\"Bureau d&#039;\u00e9tude\">Bureau d&#039;\u00e9tude<\/option><option value=\"Chantier Naval\">Chantier Naval<\/option><option value=\"Charpentier\">Charpentier<\/option><option value=\"D\u00e9corateur\">D\u00e9corateur<\/option><option value=\"Ent. B\u00e2timent \/ Gros \u0153uvre\">Ent. B\u00e2timent \/ Gros \u0153uvre<\/option><option value=\"Ent. Travaux public\">Ent. Travaux public<\/option><option value=\"Menuisier\">Menuisier<\/option><option value=\"N\u00e9goce\">N\u00e9goce<\/option><option value=\"Particulier\">Particulier<\/option><option value=\"Autre\">Autre<\/option><\/select><\/span><\/label>\n\t\t<\/div>\n\t\t<div class=\"col-6\">\n\t\t\t<label>Soci\u00e9t\u00e9\n\t\t\t<span class=\"wpcf7-form-control-wrap\" data-name=\"societe\"><input size=\"40\" maxlength=\"400\" class=\"wpcf7-form-control wpcf7-text\" aria-invalid=\"false\" value=\"\" type=\"text\" name=\"societe\" \/><\/span><\/label>\n\t\t<\/div>\n\n\t\t<div class=\"col-6\">\n\t\t\t<label>Nom*\n\t\t\t\t<span class=\"wpcf7-form-control-wrap\" data-name=\"your-name\"><input size=\"40\" maxlength=\"400\" class=\"wpcf7-form-control wpcf7-text wpcf7-validates-as-required\" aria-required=\"true\" aria-invalid=\"false\" value=\"\" type=\"text\" name=\"your-name\" \/><\/span> <\/label>\n\t\t<\/div>\n\t\t<div class=\"col-6\">\n\t\t\t<label>Pr\u00e9nom\n\t\t\t<span class=\"wpcf7-form-control-wrap\" data-name=\"your-surname\"><input size=\"40\" maxlength=\"400\" class=\"wpcf7-form-control wpcf7-text\" aria-invalid=\"false\" value=\"\" type=\"text\" name=\"your-surname\" \/><\/span><\/label>\n\t\t<\/div>\n\n\t\t<div class=\"col-6\">\n\t\t\t<label>Adresse*\n\t\t\t<span class=\"wpcf7-form-control-wrap\" data-name=\"adresse\"><input size=\"40\" maxlength=\"400\" class=\"wpcf7-form-control wpcf7-text wpcf7-validates-as-required\" aria-required=\"true\" aria-invalid=\"false\" value=\"\" type=\"text\" name=\"adresse\" \/><\/span><\/label>\n\t\t<\/div>\n\n\n\t\t<div class=\"col-6\">\n\t\t\t<label>Code postal*\n\t\t\t<span class=\"wpcf7-form-control-wrap\" data-name=\"postal\"><input size=\"40\" maxlength=\"400\" class=\"wpcf7-form-control wpcf7-text wpcf7-validates-as-required\" aria-required=\"true\" aria-invalid=\"false\" value=\"\" type=\"text\" name=\"postal\" \/><\/span><\/label>\n\t\t<\/div>\n\t\t<div class=\"col-6\">\t\n\t\t\t<label>Ville*\n\t\t\t<span class=\"wpcf7-form-control-wrap\" data-name=\"ville\"><input size=\"40\" maxlength=\"400\" class=\"wpcf7-form-control wpcf7-text wpcf7-validates-as-required\" aria-required=\"true\" aria-invalid=\"false\" value=\"\" type=\"text\" name=\"ville\" \/><\/span><\/label>\n\t\t<\/div>\n\t\t<div class=\"col-6\">\n\t\t\t<label>T\u00e9l\u00e9phone*\n\t\t\t<span class=\"wpcf7-form-control-wrap\" data-name=\"telephone\"><input size=\"40\" maxlength=\"400\" class=\"wpcf7-form-control wpcf7-text wpcf7-validates-as-required\" aria-required=\"true\" aria-invalid=\"false\" value=\"\" type=\"text\" name=\"telephone\" \/><\/span><\/label>\n\t\t<\/div>\n\t\t<div class=\"col-6\">\n\t\t\t<label>E-mail*\n\t\t\t\t<span class=\"wpcf7-form-control-wrap\" data-name=\"your-email\"><input size=\"40\" maxlength=\"400\" class=\"wpcf7-form-control wpcf7-email wpcf7-validates-as-required wpcf7-text wpcf7-validates-as-email\" aria-required=\"true\" aria-invalid=\"false\" value=\"\" type=\"email\" name=\"your-email\" \/><\/span> <\/label>\n\t\t<\/div>\n\t<\/div>\n\t<div class=\"row\">\t\t\n\t\t<div class=\"col-12\">\t\n\t\t\t<label>Sujet\n\t\t\t<span class=\"wpcf7-form-control-wrap\" data-name=\"your-subject\"><select class=\"wpcf7-form-control wpcf7-select wpcf7-validates-as-required\" aria-required=\"true\" aria-invalid=\"false\" name=\"your-subject\"><option value=\"\">&#8212;Veuillez choisir une option&#8212;<\/option><option value=\"Devis construction bois\">Devis construction bois<\/option><option value=\"Devis Abri de jardin\">Devis Abri de jardin<\/option><option value=\"Devis Carport\">Devis Carport<\/option><option value=\"Devis Pergola\">Devis Pergola<\/option><option value=\"Demande d&#039;information\">Demande d&#039;information<\/option><option value=\"Location Camion\">Location Camion<\/option><option value=\"Autre demande\">Autre demande<\/option><\/select><\/span><\/label>\n\t\t<\/div>\n\t<\/div>\t\t\t\n\t<div class=\"row\">\t\t\n\t\t<div class=\"col-12\">\n\t\t\t<label>Message\n\t\t\t\t<span class=\"wpcf7-form-control-wrap\" data-name=\"your-message\"><textarea cols=\"40\" rows=\"10\" maxlength=\"2000\" class=\"wpcf7-form-control wpcf7-textarea\" aria-invalid=\"false\" name=\"your-message\"><\/textarea><\/span> <\/label>\n\t\t<\/div>\n\t<\/div>\n\t<p><span class=\"wpcf7-form-control-wrap\" data-name=\"your-consent\"><span class=\"wpcf7-form-control wpcf7-acceptance\"><span class=\"wpcf7-list-item\"><label><input type=\"checkbox\" name=\"your-consent\" value=\"1\" aria-invalid=\"false\" \/><span class=\"wpcf7-list-item-label\">J'accepte d'envoyer mes coordonn\u00e9es uniquement dans le but d'\u00eatre recontact\u00e9 par e-mail ou t\u00e9l\u00e9phone.<\/span><\/label><\/span><\/span><\/span><\/p>\n\n\t<div class=\"row\">\n\t\t<div class=\"col-4\">\t\n\t\t\t<input class=\"wpcf7-form-control wpcf7-submit has-spinner\" type=\"submit\" value=\"Envoyer\" \/>\n\t\t<\/div>\n\t<\/div>\n\n<\/div><div class=\"wpcf7-response-output\" aria-hidden=\"true\"><\/div>\n<\/form>\n<\/div>\n[\/vc_column][vc_column offset=\u00a0\u00bbvc_col-lg-6 vc_col-md-6&Prime; el_class=\u00a0\u00bbmt-5 mt-lg-0&Prime;]<div class=\"porto-sicon-box text-color-body custom-info-1  wpb_custom_6bd3ea43243bb56571d580d187f8d1d7 style_1 top-icon\"><div class=\"porto-sicon-top\"><div class=\"porto-just-icon-wrapper porto-icon advanced\" style=\"color:#b58100;width:70px;height:70px;line-height:70px;border-radius:50px;font-size:45px;\"><i class=\"Simple-Line-Icons-question\"><\/i><\/div><\/div><\/div><!-- porto-sicon-box -->[vc_custom_heading text=\u00a0\u00bbQuestions fr\u00e9quentes\u00a0\u00bb font_container=\u00a0\u00bbtag:h2|font_size:24px|text_align:left\u00a0\u00bb use_theme_fonts=\u00a0\u00bbyes\u00a0\u00bb el_class=\u00a0\u00bbls-negative-1 mb-2&Prime;]<div class=\"porto-faqs porto-faqs757w wpb_content_element  custom-faq-1\">\r\n\t<div class=\"page-faqs clearfix wpb_custom_7fe7ddf8f1a240d6488c8a8c41279112\" id=\"porto_faqs_9icg\">\r\n\r\n\t\t\r\n\t\t\r\n\t\t<div class=\"faq-row faqs-container\">\r\n\t\t\t\r\n<div class=\"faq post-3373 type-faq status-publish hentry faq_cat-faq\">\r\n\t<section class=\"toggle\">\r\n\t\t<label>Quels permis faut-il pour conduire votre camion ?<\/label>\r\n\t\t<div class=\"toggle-content\">\r\n\t\t<h3 class=\"entry-title\" style=\"display: none;\">Quels permis faut-il pour conduire votre camion ?<\/h3><span class=\"vcard\" style=\"display: none;\"><span class=\"fn\"><a href=\"https:\/\/www.bois-plus.net\/magasin\/author\/admin-boisplusmagasin\" title=\"Articles par admin-boisplusmagasin\" rel=\"author\">admin-boisplusmagasin<\/a><\/span><\/span><span class=\"updated\" style=\"display:none\">2021-04-20T14:19:05+02:00<\/span>\n<p>Oui, le permis B suffit pour conduire notre camion.<\/p>\n\t\t<\/div>\r\n\t<\/section>\r\n<\/div>\r\n\r\n<div class=\"faq post-3371 type-faq status-publish hentry faq_cat-faq\">\r\n\t<section class=\"toggle\">\r\n\t\t<label>Faites-vous des livraisons ?<\/label>\r\n\t\t<div class=\"toggle-content\">\r\n\t\t<h3 class=\"entry-title\" style=\"display: none;\">Faites-vous des livraisons ?<\/h3><span class=\"vcard\" style=\"display: none;\"><span class=\"fn\"><a href=\"https:\/\/www.bois-plus.net\/magasin\/author\/admin-boisplusmagasin\" title=\"Articles par admin-boisplusmagasin\" rel=\"author\">admin-boisplusmagasin<\/a><\/span><\/span><span class=\"updated\" style=\"display:none\">2023-02-07T10:25:36+01:00<\/span>\n<p>Nous ne faisons pas de livraison. Toutefois, nous mettons en location un camion plateau. Forfait : 10.90 \u20ac TTC + 0.95 \u20ac TTC du kilom\u00e8tre.<\/p>\n\t\t<\/div>\r\n\t<\/section>\r\n<\/div>\r\n\t\t<\/div>\r\n\r\n\t\t\r\n\t<\/div>\r\n\r\n\t\r\n\t<\/div>[\/vc_column][\/vc_row][vc_row full_width=\u00a0\u00bbstretch_row_content_no_spaces\u00a0\u00bb][vc_column][vc_gmaps link=\u00a0\u00bb#E-8_JTNDaWZyYW1lJTIwc3JjJTNEJTIyaHR0cHMlM0ElMkYlMkZ3d3cuZ29vZ2xlLmNvbSUyRm1hcHMlMkZlbWJlZCUzRnBiJTNEJTIxMW0xOCUyMTFtMTIlMjExbTMlMjExZDU0MDUuOTY5OTgxMTU1Mjg1JTIxMmQtMS44OTI3NTAwMzA4OTQ2NTk0JTIxM2Q0Ny4zNTM2OTA5OTQyODEyOCUyMTJtMyUyMTFmMCUyMTJmMCUyMTNmMCUyMTNtMiUyMTFpMTAyNCUyMTJpNzY4JTIxNGYxMy4xJTIxM20zJTIxMW0yJTIxMXMweDAlMjUzQTB4Y2ExMGRiMWQwNjc4ODA5ZiUyMTJzQm9pcyUyNTIwUGx1cyUyNTIwTWFnYXNpbiUyMTVlMCUyMTNtMiUyMTFzZnIlMjEyc2ZyJTIxNHYxNjE1OTA0MjQxNTYyJTIxNW0yJTIxMXNmciUyMTJzZnIlMjIlMjB3aWR0aCUzRCUyMjYwMCUyMiUyMGhlaWdodCUzRCUyMjQ1MCUyMiUyMHN0eWxlJTNEJTIyYm9yZGVyJTNBMCUzQiUyMiUyMGFsbG93ZnVsbHNjcmVlbiUzRCUyMiUyMiUyMGxvYWRpbmclM0QlMjJsYXp5JTIyJTNFJTNDJTJGaWZyYW1lJTNF\u00a0\u00bb size=\u00a0\u00bb450&Prime; el_class=\u00a0\u00bbcarte-google\u00a0\u00bb][\/vc_column][\/vc_row]<\/p>\n<\/div>","protected":false},"excerpt":{"rendered":"<p>[vc_row wrap_container=\u00a0\u00bbyes\u00a0\u00bb equal_height=\u00a0\u00bbyes\u00a0\u00bb content_placement=\u00a0\u00bbtop\u00a0\u00bb el_class=\u00a0\u00bbm-b-xxl p-b-sm\u00a0\u00bb css=\u00a0\u00bb.vc_custom_1696518948939{border-radius: 2px !important;}\u00a0\u00bb conditional_render=\u00a0\u00bb%5B%7B%22value_role%22%3A%22administrator%22%7D%5D\u00a0\u00bb][vc_column][vc_empty_space][\/vc_column][vc_column width=\u00a0\u00bb1\/2&Prime; offset=\u00a0\u00bbvc_col-lg-3 vc_col-md-3 vc_col-xs-12&Prime;][\/vc_column][vc_column width=\u00a0\u00bb1\/2&Prime; offset=\u00a0\u00bbvc_col-lg-3 vc_col-md-3 vc_col-xs-12&Prime;][\/vc_column][vc_column width=\u00a0\u00bb1\/2&Prime; offset=\u00a0\u00bbvc_col-lg-3 vc_col-md-3 vc_col-xs-12&Prime;][\/vc_column][vc_column width=\u00a0\u00bb1\/2&Prime; offset=\u00a0\u00bbvc_col-lg-3 vc_col-md-3 vc_col-xs-12&Prime;][vc_raw_html]JTNDY2VudGVyJTNFJTNDYiUzRSUzQ2ElMjBocmVmJTNEJTIyamF2YXNjcmlwdCUzQWxpbmtUb19VbkNyeXB0TWFpbHRvJTI4JTI3bmJqbXVwJTNCdGJzbWNwanRxbXZ0QXBzYm9oZiUyRmdzJTI3JTI5JTNCJTIyJTNFc2FybGJvaXNwbHVzJTQwb3JhbmdlLmZyJTNDJTJGYSUzRSUzQyUyRmIlM0UlM0MlMkZjZW50ZXIlM0U=[\/vc_raw_html][\/vc_column][\/vc_row][vc_row wrap_container=\u00a0\u00bbyes\u00a0\u00bb parallax=\u00a0\u00bbcontent-moving\u00a0\u00bb el_class=\u00a0\u00bbm-b-xxl p-b-sm\u00a0\u00bb][vc_column offset=\u00a0\u00bbvc_col-lg-6 vc_col-md-6&Prime; el_id=\u00a0\u00bbformulaire-contact\u00a0\u00bb][vc_custom_heading text=\u00a0\u00bbEnvoyez-nous un message, vos questions, une demande de devis\u00a0\u00bb font_container=\u00a0\u00bbtag:h2|font_size:24px|text_align:left\u00a0\u00bb use_theme_fonts=\u00a0\u00bbyes\u00a0\u00bb el_class=\u00a0\u00bbls-negative-1 mb-3&Prime;][\/vc_column][vc_column offset=\u00a0\u00bbvc_col-lg-6 vc_col-md-6&Prime; el_class=\u00a0\u00bbmt-5 mt-lg-0&Prime;][vc_custom_heading text=\u00a0\u00bbQuestions fr\u00e9quentes\u00a0\u00bb font_container=\u00a0\u00bbtag:h2|font_size:24px|text_align:left\u00a0\u00bb use_theme_fonts=\u00a0\u00bbyes\u00a0\u00bb el_class=\u00a0\u00bbls-negative-1 [&hellip;]<\/p>\n","protected":false},"author":1,"featured_media":0,"parent":0,"menu_order":0,"comment_status":"closed","ping_status":"closed","template":"","meta":{"footnotes":""},"class_list":["post-73","page","type-page","status-publish","hentry"],"aioseo_notices":[],"_links":{"self":[{"href":"https:\/\/www.bois-plus.net\/magasin\/wp-json\/wp\/v2\/pages\/73","targetHints":{"allow":["GET"]}}],"collection":[{"href":"https:\/\/www.bois-plus.net\/magasin\/wp-json\/wp\/v2\/pages"}],"about":[{"href":"https:\/\/www.bois-plus.net\/magasin\/wp-json\/wp\/v2\/types\/page"}],"author":[{"embeddable":true,"href":"https:\/\/www.bois-plus.net\/magasin\/wp-json\/wp\/v2\/users\/1"}],"replies":[{"embeddable":true,"href":"https:\/\/www.bois-plus.net\/magasin\/wp-json\/wp\/v2\/comments?post=73"}],"version-history":[{"count":9,"href":"https:\/\/www.bois-plus.net\/magasin\/wp-json\/wp\/v2\/pages\/73\/revisions"}],"predecessor-version":[{"id":3941,"href":"https:\/\/www.bois-plus.net\/magasin\/wp-json\/wp\/v2\/pages\/73\/revisions\/3941"}],"wp:attachment":[{"href":"https:\/\/www.bois-plus.net\/magasin\/wp-json\/wp\/v2\/media?parent=73"}],"curies":[{"name":"wp","href":"https:\/\/api.w.org\/{rel}","templated":true}]}}