{"id":2257,"date":"2021-02-24T10:09:33","date_gmt":"2021-02-24T09:09:33","guid":{"rendered":"https:\/\/www.bois-plus.net\/magasin\/?page_id=2257"},"modified":"2021-03-17T14:53:25","modified_gmt":"2021-03-17T13:53:25","slug":"mentions-legales-et-politique-de-confidentialite","status":"publish","type":"page","link":"https:\/\/www.bois-plus.net\/magasin\/mentions-legales-et-politique-de-confidentialite","title":{"rendered":"Mentions l\u00e9gales et politique de confidentialit\u00e9"},"content":{"rendered":"<div class=\"wpb-content-wrapper\"><p>[vc_row][vc_column][vc_column_text]<\/p>\n<h1>\u00a0<\/h1>\n<h1 style=\"text-align: center;\">Mentions l\u00e9gales et politique de confidentialit\u00e9<\/h1>\n<p style=\"text-align: center;\">\n<p>[\/vc_column_text][\/vc_column][\/vc_row][vc_row][vc_column width=\u00a0\u00bb1\/2&Prime;][vc_column_text]<\/p>\n<h2>Propri\u00e9taire<\/h2>\n<p>L\u2019adresse de notre site Internet est\u00a0:\u00a0<a href=\"https:\/\/www.bois-plus.net\" data-type=\"URL\" data-id=\"https:\/\/www.bois-plus.net\">https:\/\/www.bois-plus.net<\/a><\/p>\n<p>BOIS PLUS, soci\u00e9t\u00e9 \u00e0 responsabilit\u00e9 limit\u00e9e au capital de 40 000\u20ac<br \/>LE POINT DU JOUR \u2013 44260 SAVENAY<\/p>\n<p>Dirigeant : M Philippe CAILLON<br \/>SIRET : 44207912500013<br \/>Code NAF : Commerce de d\u00e9tail de quincaillerie, peintures et verres en grandes surfaces (400 m\u00b2 et plus) (4752B)<\/p>\n<p>[\/vc_column_text][\/vc_column][vc_column width=\u00a0\u00bb1\/2&Prime;][vc_column_text]<\/p>\n<h2>Responsable de publication<\/h2>\n<!-- \/wp:post-content -->\n<p><!-- wp:paragraph -->M Philippe CAILLON \u2013\u00a0<a href=\"mailto:sarlboisplus@orange.fr\">sarlboisplus@orange.fr<\/a><\/p>\n<h2>H\u00e9bergeur<\/h2>\n<p><!-- wp:paragraph -->OVH \u2013 2 rue Kellermann \u2013 59100 Roubaix \u2013 France<\/p>\n<!-- \/wp:paragraph -->\n<!-- wp:heading {\"level\":3} -->\n<!-- \/wp:heading -->\n<p>[\/vc_column_text][\/vc_column][\/vc_row][vc_row][vc_column][vc_column_text]<\/p>\n<h2>Utilisation des donn\u00e9es personnelles collect\u00e9es<\/h2>\n<h2><!-- \/wp:paragraph --><\/h2>\n<p><!-- wp:paragraph -->Les donn\u00e9es personnelles collect\u00e9es depuis le formulaire de contact sont utilis\u00e9es uniquement pour nous permettre de vous r\u00e9pondre.<\/p>\n<p>Ces informations ne seront pas communiqu\u00e9es ni vendues \u00e0 des tiers.<\/p>\n<h2><!-- \/wp:paragraph --><\/h2>\n<p><!-- wp:paragraph -->Vous pouvez demander \u00e0 recevoir un fichier contenant toutes les donn\u00e9es personnelles que nous poss\u00e9dons \u00e0 votre sujet, incluant celles que vous nous avez fournies. Vous pouvez \u00e9galement demander la modification ou la suppression des donn\u00e9es personnelles vous concernant par l\u2019envoi d\u2019un simple e-mail.<\/p>\n<h2><!-- \/wp:paragraph --><\/h2>\n<!-- wp:heading {\"level\":3} -->\n<p>&nbsp;<\/p>\n<p>[\/vc_column_text][vc_column_text]<\/p>\n<h2 id=\"cookies\">Cookies et mesures d\u2019audience<\/h2>\n<h2><!-- \/wp:heading --><\/h2>\n<p><!-- wp:paragraph -->La navigation sur le site\u00a0<a href=\"http:\/\/www.bois-plus.net\">www.bois-plus.net<\/a> est susceptible de provoquer l\u2019installation de cookie(s) sur l\u2019ordinateur de l\u2019utilisateur de mani\u00e8re anonyme uniquement pour la mesure de fr\u00e9quentation.<\/p>\n<h2><!-- \/wp:paragraph --><\/h2>\n<p><!-- wp:paragraph -->Un cookie est un fichier de petite taille, qui ne permet pas l\u2019identification de l\u2019utilisateur, mais qui enregistre des informations relatives \u00e0 la navigation d\u2019un ordinateur sur un site. Les donn\u00e9es ainsi obtenues visent \u00e0 faciliter la navigation ult\u00e9rieure sur le site, et ont \u00e9galement vocation \u00e0 permettre diverses mesures de fr\u00e9quentation.<\/p>\n<h2><!-- \/wp:paragraph --><\/h2>\n<p><!-- wp:paragraph -->L\u2019utilisateur peut toutefois configurer son ordinateur de la mani\u00e8re suivante, pour refuser l\u2019installation des cookies :<\/p>\n<h2><!-- \/wp:paragraph --><\/h2>\n<p><!-- wp:paragraph -->Sous Internet Explorer : onglet outil (pictogramme en forme de rouage en haut a droite) \/ options internet. Cliquez sur Confidentialit\u00e9 et choisissez Bloquer tous les cookies. Validez sur Ok.<\/p>\n<h2><!-- \/wp:paragraph --><\/h2>\n<p><!-- wp:paragraph -->Sous Firefox : en haut de la fen\u00eatre du navigateur, cliquez sur le bouton Firefox, puis aller dans l\u2019onglet Options. Cliquer sur l\u2019onglet Vie priv\u00e9e.<br \/>Param\u00e9trez les R\u00e8gles de conservation sur : utiliser les param\u00e8tres personnalis\u00e9s pour l\u2019historique. Enfin d\u00e9cochez-la pour d\u00e9sactiver les cookies.<\/p>\n<h2><!-- \/wp:paragraph --><\/h2>\n<p><!-- wp:paragraph -->Sous Safari : Cliquez en haut \u00e0 droite du navigateur sur le pictogramme de menu (symbolis\u00e9 par un rouage). S\u00e9lectionnez Param\u00e8tres. Cliquez sur Afficher les param\u00e8tres avanc\u00e9s. Dans la section \u00ab Confidentialit\u00e9 \u00bb, cliquez sur Param\u00e8tres de contenu. Dans la section \u00ab Cookies \u00bb, vous pouvez bloquer les cookies.<\/p>\n<h2><!-- \/wp:paragraph --><\/h2>\n<p><!-- wp:paragraph -->Sous Chrome : Cliquez en haut \u00e0 droite du navigateur sur le pictogramme de menu (symbolis\u00e9 par trois lignes horizontales). S\u00e9lectionnez Param\u00e8tres. Cliquez sur Afficher les param\u00e8tres avanc\u00e9s. Dans la section \u00ab Confidentialit\u00e9 \u00bb, cliquez sur pr\u00e9f\u00e9rences. Dans l\u2019onglet \u00ab Confidentialit\u00e9 \u00bb, vous pouvez bloquer les cookies.<\/p>\n<h2><!-- \/wp:paragraph --><\/h2>\n<!-- wp:heading -->\n<p>[\/vc_column_text][vc_column_text]<\/p>\n<h2>reCAPTCHA \u2013 Anti-spam<\/h2>\n<p><!-- wp:paragraph -->Nous utilisons le service reCAPTCHA de Google LLC (Google) pour prot\u00e9ger les entr\u00e9es des formulaires sur notre site. Ce service est utilis\u00e9 pour diff\u00e9rencier les entr\u00e9es faites par un \u00eatre humain des abus automatis\u00e9s. Cela implique l\u2019envoi de l\u2019adresse IP et \u00e9ventuellement d\u2019autres donn\u00e9es requises par Google pour le service reCAPTCHA. \u00c0 cette fin, vos donn\u00e9es seront communiqu\u00e9es \u00e0 Google et utilis\u00e9es par leurs services. Toutefois, votre adresse IP sera pr\u00e9alablement raccourcie par Google dans les \u00c9tats membres de l\u2019Union europ\u00e9enne \u2013 ou dans d\u2019autres \u00c9tats qui font partie de l\u2019accord sur l\u2019Espace \u00e9conomique europ\u00e9en \u2013 et sera ainsi anonyme. Dans certains cas exceptionnels, votre adresse IP compl\u00e8te sera transmise \u00e0 un serveur de Google aux \u00c9tats-Unis et raccourcie ensuite. Au nom de l\u2019exploitant de ce site web, Google utilisera ces informations pour \u00e9valuer votre utilisation de ce service. L\u2019adresse IP fournie par reCAPTCHA par votre navigateur ne sera pas fusionn\u00e9e avec d\u2019autres donn\u00e9es de Google. Cette collection des donn\u00e9es est sujette \u00e0 la Politique de confidentialit\u00e9 de Google. Pour plus d\u2019informations concernant la politique de confidentialit\u00e9 de Google, rendez-vous sur la page :\u00a0<a href=\"https:\/\/policies.google.com\/privacy?hl=fr\" target=\"_blank\" rel=\"noreferrer noopener\">https:\/\/policies.google.com\/privacy?hl=fr<\/a><br \/>En utilisant le service reCAPTCHA, vous consentez au traitement des donn\u00e9es vous concernant par Google, de la mani\u00e8re et aux fins \u00e9nonc\u00e9es ci-dessus.<\/p>\n<h2><!-- \/wp:paragraph --><\/p>\n<p><!-- wp:paragraph \/--><\/h2>\n<p>&nbsp;<\/p>\n<p>[\/vc_column_text][\/vc_column][\/vc_row]<\/p>\n<\/div>","protected":false},"excerpt":{"rendered":"<p>[vc_row][vc_column][vc_column_text] \u00a0 Mentions l\u00e9gales et politique de confidentialit\u00e9 [\/vc_column_text][\/vc_column][\/vc_row][vc_row][vc_column width=\u00a0\u00bb1\/2&Prime;][vc_column_text] Propri\u00e9taire L\u2019adresse de notre site Internet est\u00a0:\u00a0https:\/\/www.bois-plus.net BOIS PLUS, soci\u00e9t\u00e9 \u00e0 responsabilit\u00e9 limit\u00e9e au capital de 40 000\u20acLE POINT DU JOUR \u2013 44260 SAVENAY Dirigeant : M Philippe CAILLONSIRET : 44207912500013Code NAF : Commerce de d\u00e9tail de quincaillerie, peintures et verres en grandes surfaces (400 [&hellip;]<\/p>\n","protected":false},"author":1,"featured_media":0,"parent":0,"menu_order":0,"comment_status":"closed","ping_status":"closed","template":"","meta":{"footnotes":""},"class_list":["post-2257","page","type-page","status-publish","hentry"],"aioseo_notices":[],"_links":{"self":[{"href":"https:\/\/www.bois-plus.net\/magasin\/wp-json\/wp\/v2\/pages\/2257","targetHints":{"allow":["GET"]}}],"collection":[{"href":"https:\/\/www.bois-plus.net\/magasin\/wp-json\/wp\/v2\/pages"}],"about":[{"href":"https:\/\/www.bois-plus.net\/magasin\/wp-json\/wp\/v2\/types\/page"}],"author":[{"embeddable":true,"href":"https:\/\/www.bois-plus.net\/magasin\/wp-json\/wp\/v2\/users\/1"}],"replies":[{"embeddable":true,"href":"https:\/\/www.bois-plus.net\/magasin\/wp-json\/wp\/v2\/comments?post=2257"}],"version-history":[{"count":0,"href":"https:\/\/www.bois-plus.net\/magasin\/wp-json\/wp\/v2\/pages\/2257\/revisions"}],"wp:attachment":[{"href":"https:\/\/www.bois-plus.net\/magasin\/wp-json\/wp\/v2\/media?parent=2257"}],"curies":[{"name":"wp","href":"https:\/\/api.w.org\/{rel}","templated":true}]}}