{"id":200,"date":"2013-02-04T14:58:37","date_gmt":"2013-02-04T13:58:37","guid":{"rendered":"http:\/\/www.bois-plus.net\/magasin\/?page_id=200"},"modified":"2013-05-21T16:46:10","modified_gmt":"2013-05-21T14:46:10","slug":"mentions-legales","status":"publish","type":"page","link":"https:\/\/www.bois-plus.net\/magasin\/mentions-legales","title":{"rendered":"Mentions l\u00e9gales"},"content":{"rendered":"<p><strong>Soci\u00e9t\u00e9 :\u00a0<\/strong>BOIS PLUS Magasin<strong><br \/>\nG\u00e9rant :<\/strong>\u00a0M. Philippe CAILLON<br \/>\n<strong>T\u00e9l. :<\/strong>\u00a002 40 56 89 89<br \/>\n<strong>Fax :<\/strong>\u00a002 28 01 66 24<br \/>\n<strong>Si\u00e8ge social :<\/strong>\u00a0Le Point du Jour &#8211; 44260 SAVENAY<br \/>\n<strong>Forme juridique :<\/strong>\u00a0Soci\u00e9t\u00e9 \u00e0 responsabilit\u00e9 limit\u00e9e<br \/>\n<strong>Code APE :<\/strong> 203Z<br \/>\n<strong>SIRET :\u00a0<\/strong>44207912500013<br \/>\n<strong>RCS :<\/strong>\u00a0Saint-Nazaire B 442 079 125<br \/>\n<strong>Capital social :<\/strong>\u00a040.000 euros<\/p>\n<h4 style=\"text-align: center;\">[break\/]<\/h4>\n<h4 style=\"text-align: center;\">\u00ab\u00a0L&rsquo;ensemble de ce site rel\u00e8ve des l\u00e9gislations fran\u00e7aise et internationale sur le droit d&rsquo;auteur et la propri\u00e9t\u00e9 intellectuelle.<br \/>\nTous les droits de reproduction sont r\u00e9serv\u00e9s, y compris pour les documents iconographiques et photographiques.\u00a0\u00bb<\/h4>\n","protected":false},"excerpt":{"rendered":"<p>Soci\u00e9t\u00e9 :\u00a0BOIS PLUS Magasin G\u00e9rant :\u00a0M. Philippe CAILLON T\u00e9l. :\u00a002 40 56 89 89 Fax :\u00a002 28 01 66 24 Si\u00e8ge social :\u00a0Le Point du Jour &#8211; 44260 SAVENAY Forme juridique :\u00a0Soci\u00e9t\u00e9 \u00e0 responsabilit\u00e9 limit\u00e9e Code APE : 203Z SIRET :\u00a044207912500013 RCS :\u00a0Saint-Nazaire B 442 079 125 Capital social :\u00a040.000 euros [break\/] \u00ab\u00a0L&rsquo;ensemble de ce [&hellip;]<\/p>\n","protected":false},"author":1,"featured_media":0,"parent":0,"menu_order":0,"comment_status":"closed","ping_status":"closed","template":"","meta":{"footnotes":""},"class_list":["post-200","page","type-page","status-publish","hentry"],"aioseo_notices":[],"_links":{"self":[{"href":"https:\/\/www.bois-plus.net\/magasin\/wp-json\/wp\/v2\/pages\/200","targetHints":{"allow":["GET"]}}],"collection":[{"href":"https:\/\/www.bois-plus.net\/magasin\/wp-json\/wp\/v2\/pages"}],"about":[{"href":"https:\/\/www.bois-plus.net\/magasin\/wp-json\/wp\/v2\/types\/page"}],"author":[{"embeddable":true,"href":"https:\/\/www.bois-plus.net\/magasin\/wp-json\/wp\/v2\/users\/1"}],"replies":[{"embeddable":true,"href":"https:\/\/www.bois-plus.net\/magasin\/wp-json\/wp\/v2\/comments?post=200"}],"version-history":[{"count":0,"href":"https:\/\/www.bois-plus.net\/magasin\/wp-json\/wp\/v2\/pages\/200\/revisions"}],"wp:attachment":[{"href":"https:\/\/www.bois-plus.net\/magasin\/wp-json\/wp\/v2\/media?parent=200"}],"curies":[{"name":"wp","href":"https:\/\/api.w.org\/{rel}","templated":true}]}}